{"id":16,"date":"2023-11-05T14:40:54","date_gmt":"2023-11-05T12:40:54","guid":{"rendered":"http:\/\/kultursommerlaxenburg.at\/?page_id=16"},"modified":"2024-01-17T10:19:09","modified_gmt":"2024-01-17T08:19:09","slug":"karten-2","status":"publish","type":"page","link":"https:\/\/kultursommerlaxenburg.at\/?page_id=16","title":{"rendered":"KARTEN + INFO"},"content":{"rendered":"<h1>KARTENPREISE:<\/h1>\n<h1>&nbsp;<\/h1>\n<p>&nbsp;<\/p>\n<h1>&nbsp;<\/h1>\n<p>&nbsp;<\/p>\n<h1>10% Erm\u00e4\u00dfigung f\u00fcr PensionistInnen, StudentInnen und \u00d6GB Mitglieder, 30% Erm\u00e4\u00dfigung f\u00fcr Kinder bis 12 Jahre<\/h1>\n<p>&nbsp;<\/p>\n<p>&nbsp;<\/p>\n<p>1.-6. Reihe&nbsp; Euro 37,00&nbsp; &nbsp; &nbsp;7.-11. Reihe&nbsp; Euro 33,00&nbsp; &nbsp; &nbsp;12.-13. Reihe&nbsp; Euro 27,00<\/p>\n<p>Bei witterungsbedingter Absage innerhalb der ersten 30 Minuten erhalten die Besucher den Kartenpreis bei jener Vorverkaufsstelle retourniert, bei der die Karten erworben wurden.<\/p>\n<div><strong>WAS, WENN ES REGNET? <\/strong><\/div>\n<div>Wir bitten um Verst\u00e4ndnis, dass erst vor Ort und unmittelbar vor Vorstellungsbeginn<\/div>\n<div>eine Entscheidung getroffen werden kann, ob gespielt oder abgesagt&nbsp; wird.<\/div>\n<p>&nbsp;&nbsp;&nbsp;&nbsp;&nbsp;&nbsp;&nbsp;&nbsp;&nbsp;&nbsp;&nbsp;&nbsp;&nbsp;&nbsp;&nbsp;&nbsp;&nbsp;&nbsp;&nbsp;&nbsp;&nbsp;&nbsp;&nbsp;&nbsp;&nbsp;&nbsp;&nbsp;&nbsp;&nbsp;&nbsp;&nbsp;&nbsp;&nbsp;&nbsp;&nbsp;&nbsp;&nbsp;&nbsp;&nbsp;&nbsp;&nbsp;&nbsp;&nbsp;&nbsp;&nbsp;&nbsp;&nbsp;&nbsp;&nbsp;&nbsp;&nbsp;&nbsp;&nbsp;&nbsp;&nbsp;&nbsp;&nbsp;&nbsp;&nbsp;&nbsp;&nbsp;&nbsp;&nbsp;&nbsp;&nbsp;&nbsp;&nbsp;&nbsp;&nbsp;&nbsp;&nbsp;&nbsp;&nbsp;&nbsp;&nbsp;&nbsp;&nbsp;&nbsp;&nbsp;&nbsp;&nbsp;&nbsp;&nbsp;&nbsp;&nbsp;&nbsp;&nbsp;&nbsp;&nbsp;&nbsp;<\/p>\n<p><strong>Tickets erh\u00e4ltlich bei:<\/strong><\/p>\n<p><a href=\"https:\/\/www.wien-ticket.at\/de\/ticket\/101902\/der-rest-ist-schweigen-kultursommer-laxenburg-2024-franzensburg-in-laxenburg-laxenburg\"><img loading=\"lazy\" decoding=\"async\" class=\"alignnone wp-image-3916\" src=\"http:\/\/kultursommerlaxenburg.at\/wp-content\/uploads\/2021\/12\/741_Wien-Ticket_Logo_colour_filled_RGB4.jpg\" alt=\"\" width=\"389\" height=\"127\" srcset=\"https:\/\/kultursommerlaxenburg.at\/wp-content\/uploads\/2021\/12\/741_Wien-Ticket_Logo_colour_filled_RGB4.jpg 865w, https:\/\/kultursommerlaxenburg.at\/wp-content\/uploads\/2021\/12\/741_Wien-Ticket_Logo_colour_filled_RGB4-590x193.jpg 590w, https:\/\/kultursommerlaxenburg.at\/wp-content\/uploads\/2021\/12\/741_Wien-Ticket_Logo_colour_filled_RGB4-768x251.jpg 768w\" sizes=\"auto, (max-width: 389px) 100vw, 389px\" \/><\/a><\/p>\n<h1 class=\"postheader\">KASSA FRANZENSBURG<\/h1>\n<div class=\"postcontent clearfix\">\n<p>an Spieltagen ab 14.00 Uhr ge\u00f6ffnet.<br \/>\nNur Restkarten f\u00fcr das jeweilige<br \/>\nSpielwochenende.<br \/>\nAuskunft: 02236 \/ 736 40<\/p>\n<p>&nbsp;<\/p>\n<\/div>\n<p>Die Vorweisung des Tickets berechtigt am jeweiligen Veranstaltungstag zum Parkeintritt und&nbsp; zur kostenlosen Ben\u00fctzung der F\u00e4hre zur Franzensburg.<\/p>\n<div>&nbsp;<\/div>\n<p><strong>Achtung:<\/strong><\/p>\n<p>Da der Ortskern von Laxenburg auch am Samstag und Sonntag Kurzparkzone ist (maximale Abstelldauer 90 Minuten mit Parkuhr)<\/p>\n<p>F\u00fcr eine l\u00e4ngere Abstelldauer ben\u00fctzen Sie bitte<\/p>\n<p><strong>P2<\/strong> (beim Parkeingang Reitstalltor&nbsp;M\u00fcnchendorfer Stra\u00dfe 5) oder<\/p>\n<p><strong>P3<\/strong> (Tor beim Erholungszentrum, M\u00fcnchendorfer Stra\u00dfe 7b <strong>Achtung!<\/strong> Dieses Eingangstor ist vom Kassenpersonal nicht besetzt, daher <strong>hier kein Gratiseintritt m\u00f6glich<\/strong>)<\/p>\n<p><strong>Das Reitstalltor wird auch vom Panoramazug angefahren und die dortige Parkkassa ist an den Spieltagen besetzt, damit ist mit Vorweis des Theatertickets bzw. der Buchungsbest\u00e4tigung der kostenlose Parkeintritt an den Spieltagen beim Parkhaupteingang sowie Eingang Reitstalltor ab 13 Uhr gesichert.<\/strong><\/p>\n<p>Gehzeit zur Franzensburg ca. 30 Minuten. Fahrtm\u00f6glichkeit mit Panorama-Bahn ab&nbsp; Eingang Schlosspark und Eingang Reitstalltor! (Abfahrtszeiten bitte vor Ort erfragen!)<\/p>\n<p><strong>Kontakt: <\/strong><\/p>\n<p>Heinz G\u00f6bel &#8211; Produktionsleitung: heinz.goebel77@gmail.com<\/p>\n<p><strong>Weitere Infos zu Laxenburg:<\/strong><\/p>\n<p><a href=\"https:\/\/www.niederoesterreich.at\/orte-und-gemeinden\/a-laxenburg\"><img loading=\"lazy\" decoding=\"async\" class=\"alignnone\" title=\"Laxenburg, \u00a9 Laxenburg\" src=\"https:\/\/www.niederoesterreich.at\/images\/c3rfmuzut!8-\/xlaxenburg.jpg.pagespeed.ic.kXY9WylxQv.webp\" alt=\"Laxenburg, \u00a9 Laxenburg\" width=\"280\" height=\"158\"><\/a><\/p>\n<p>&nbsp;<\/p>\n<p>&nbsp;<\/p>\n<p>&nbsp;<\/p>\n<table style=\"height: 714px; width: 570px;\" border=\"0\" width=\"402\">\n<tbody>\n<tr style=\"height: 554px;\">\n<td style=\"width: 385px; height: 554px;\" valign=\"top\">&nbsp;<\/td>\n<td style=\"width: 557px; height: 554px;\" colspan=\"2\" valign=\"top\">&nbsp;<\/td>\n<\/tr>\n<tr style=\"height: 10px;\">\n<td style=\"width: 385px; height: 10px;\" align=\"center\" valign=\"top\">&nbsp;<\/td>\n<td class=\"aligncenter\" style=\"width: 74px; height: 10px;\" align=\"center\" valign=\"top\">&nbsp;<\/td>\n<\/tr>\n<\/tbody>\n<\/table>\n<p>&nbsp;<\/p>\n<h3>Related Images:<\/h3>","protected":false},"excerpt":{"rendered":"<p>KARTENPREISE: &nbsp; &nbsp; &nbsp; &nbsp; 10% Erm\u00e4\u00dfigung f\u00fcr PensionistInnen, StudentInnen und \u00d6GB Mitglieder, 30% Erm\u00e4\u00dfigung f\u00fcr Kinder bis 12 Jahre &nbsp; &nbsp; 1.-6. Reihe&nbsp; Euro 37,00&nbsp; &nbsp; &nbsp;7.-11. Reihe&nbsp; Euro 33,00&nbsp; &nbsp; &nbsp;12.-13. Reihe&nbsp; Euro 27,00 Bei witterungsbedingter Absage innerhalb der ersten 30 Minuten erhalten die Besucher den Kartenpreis bei jener Vorverkaufsstelle retourniert, bei der [&hellip;]<\/p>\n","protected":false},"author":1,"featured_media":0,"parent":522,"menu_order":2,"comment_status":"open","ping_status":"open","template":"","meta":{"ngg_post_thumbnail":0,"footnotes":""},"class_list":["post-16","page","type-page","status-publish","hentry"],"_links":{"self":[{"href":"https:\/\/kultursommerlaxenburg.at\/index.php?rest_route=\/wp\/v2\/pages\/16","targetHints":{"allow":["GET"]}}],"collection":[{"href":"https:\/\/kultursommerlaxenburg.at\/index.php?rest_route=\/wp\/v2\/pages"}],"about":[{"href":"https:\/\/kultursommerlaxenburg.at\/index.php?rest_route=\/wp\/v2\/types\/page"}],"author":[{"embeddable":true,"href":"https:\/\/kultursommerlaxenburg.at\/index.php?rest_route=\/wp\/v2\/users\/1"}],"replies":[{"embeddable":true,"href":"https:\/\/kultursommerlaxenburg.at\/index.php?rest_route=%2Fwp%2Fv2%2Fcomments&post=16"}],"version-history":[{"count":178,"href":"https:\/\/kultursommerlaxenburg.at\/index.php?rest_route=\/wp\/v2\/pages\/16\/revisions"}],"predecessor-version":[{"id":5614,"href":"https:\/\/kultursommerlaxenburg.at\/index.php?rest_route=\/wp\/v2\/pages\/16\/revisions\/5614"}],"up":[{"embeddable":true,"href":"https:\/\/kultursommerlaxenburg.at\/index.php?rest_route=\/wp\/v2\/pages\/522"}],"wp:attachment":[{"href":"https:\/\/kultursommerlaxenburg.at\/index.php?rest_route=%2Fwp%2Fv2%2Fmedia&parent=16"}],"curies":[{"name":"wp","href":"https:\/\/api.w.org\/{rel}","templated":true}]}}