{"id":3988,"date":"2022-04-23T20:05:49","date_gmt":"2022-04-23T18:05:49","guid":{"rendered":"https:\/\/kultursommerlaxenburg.at\/?page_id=3988"},"modified":"2022-04-23T20:15:48","modified_gmt":"2022-04-23T18:15:48","slug":"raumschiff-2021","status":"publish","type":"page","link":"https:\/\/kultursommerlaxenburg.at\/?page_id=3988","title":{"rendered":"2021 Raumschiff"},"content":{"rendered":"<p><img loading=\"lazy\" decoding=\"async\" class=\"alignnone wp-image-3804\" src=\"http:\/\/kultursommerlaxenburg.at\/wp-content\/uploads\/2021\/05\/LAX_plakat21_WEB.jpg\" alt=\"\" width=\"398\" height=\"563\" srcset=\"https:\/\/kultursommerlaxenburg.at\/wp-content\/uploads\/2021\/05\/LAX_plakat21_WEB.jpg 877w, https:\/\/kultursommerlaxenburg.at\/wp-content\/uploads\/2021\/05\/LAX_plakat21_WEB-590x834.jpg 590w, https:\/\/kultursommerlaxenburg.at\/wp-content\/uploads\/2021\/05\/LAX_plakat21_WEB-768x1086.jpg 768w\" sizes=\"auto, (max-width: 398px) 100vw, 398px\" \/><\/p>\n<p><span style=\"font-family: Arimo, sans-serif;\"><span style=\"font-size: large;\">Wir befinden uns im Jahr 2070. Der Weltraumtourismus hat sich zu voller Bl\u00fcte entwickelt. Auf einem weit entfernten Planeten findet die Endrunde einer intergalaktischen Castingshow statt. \u00d6sterreich ist mit Conny de Bonjour und seiner bezaubernden H\u00fcndin Fifi als Siegerin der nationalen Ausscheidungsrunde zum gro\u00dfen Finale auf dem Planeten Deichmann eingeladen.<\/span><\/span><\/p>\n<p><span style=\"font-family: Arimo, sans-serif;\"><span style=\"font-size: large;\">Mit drei Austronauten und einem Androiden begeben wir uns auf eine Reise voller \u00dcberraschungen sowie den daraus entstehenden Turbulenzen.<\/span><\/span><\/p>\n<p><span style=\"font-family: Arimo, sans-serif;\"><span style=\"font-size: large;\">Fliegen Sie mit Adi Hirschal und der bezaubernden Hundedame Fifi ins All! <\/span><\/span><\/p>\n<p><span style=\"font-family: Arimo, sans-serif;\"><span style=\"font-size: large;\">Mit Adi Hirschal, Pia Baresch, Eva-Maria Frank, Susanne Gschwendtner, Christian Deix, Olivier Lendl und Thomas Mahn<\/span><\/span><\/p>\n<p><span style=\"font-family: Arimo, sans-serif;\"><span style=\"font-size: large;\">Intendanz: Adi Hirschal<\/span><\/span><\/p>\n<p><span style=\"font-family: Arimo, sans-serif;\"><span style=\"font-size: large;\">Buch: Christian Deix &amp; Olivier Lendl<\/span><\/span><\/p>\n<p><span style=\"font-family: Arimo, sans-serif;\"><span style=\"font-size: large;\">Regie: Vicky Schubert<\/span><\/span><\/p>\n<p><span style=\"font-family: Arimo, sans-serif;\"><span style=\"font-size: large;\">Musikalische Leitung: Thomas Mahn<\/span><\/span><\/p>\n<p><span style=\"font-family: Arimo, sans-serif;\"><span style=\"font-size: large;\">Kost\u00fcme: Katharina Kappert <\/span><\/span><\/p>\n<p><span style=\"font-family: Arimo, sans-serif;\"><span style=\"font-size: large;\">Choreographie: Lindbirg &#8211; Linda Hold und Birgit Wanka<br \/>\n<\/span><\/span><\/p>\n<p>&nbsp;<\/p>\n<p>&nbsp;<\/p>\n<p>&nbsp;<\/p>\n<h3>Related Images:<\/h3>","protected":false},"excerpt":{"rendered":"<p>Wir befinden uns im Jahr 2070. Der Weltraumtourismus hat sich zu voller Bl\u00fcte entwickelt. Auf einem weit entfernten Planeten findet die Endrunde einer intergalaktischen Castingshow statt. \u00d6sterreich ist mit Conny de Bonjour und seiner bezaubernden H\u00fcndin Fifi als Siegerin der nationalen Ausscheidungsrunde zum gro\u00dfen Finale auf dem Planeten Deichmann eingeladen. Mit drei Austronauten und einem [&hellip;]<\/p>\n","protected":false},"author":1,"featured_media":0,"parent":22,"menu_order":0,"comment_status":"closed","ping_status":"closed","template":"","meta":{"ngg_post_thumbnail":0,"footnotes":""},"class_list":["post-3988","page","type-page","status-publish","hentry"],"_links":{"self":[{"href":"https:\/\/kultursommerlaxenburg.at\/index.php?rest_route=\/wp\/v2\/pages\/3988","targetHints":{"allow":["GET"]}}],"collection":[{"href":"https:\/\/kultursommerlaxenburg.at\/index.php?rest_route=\/wp\/v2\/pages"}],"about":[{"href":"https:\/\/kultursommerlaxenburg.at\/index.php?rest_route=\/wp\/v2\/types\/page"}],"author":[{"embeddable":true,"href":"https:\/\/kultursommerlaxenburg.at\/index.php?rest_route=\/wp\/v2\/users\/1"}],"replies":[{"embeddable":true,"href":"https:\/\/kultursommerlaxenburg.at\/index.php?rest_route=%2Fwp%2Fv2%2Fcomments&post=3988"}],"version-history":[{"count":5,"href":"https:\/\/kultursommerlaxenburg.at\/index.php?rest_route=\/wp\/v2\/pages\/3988\/revisions"}],"predecessor-version":[{"id":3997,"href":"https:\/\/kultursommerlaxenburg.at\/index.php?rest_route=\/wp\/v2\/pages\/3988\/revisions\/3997"}],"up":[{"embeddable":true,"href":"https:\/\/kultursommerlaxenburg.at\/index.php?rest_route=\/wp\/v2\/pages\/22"}],"wp:attachment":[{"href":"https:\/\/kultursommerlaxenburg.at\/index.php?rest_route=%2Fwp%2Fv2%2Fmedia&parent=3988"}],"curies":[{"name":"wp","href":"https:\/\/api.w.org\/{rel}","templated":true}]}}