{"id":80,"date":"2012-12-09T03:03:34","date_gmt":"2012-12-09T01:03:34","guid":{"rendered":"http:\/\/kultursommerlaxenburg.at\/?page_id=80"},"modified":"2023-12-13T11:23:48","modified_gmt":"2023-12-13T09:23:48","slug":"impressum","status":"publish","type":"page","link":"https:\/\/kultursommerlaxenburg.at\/?page_id=80","title":{"rendered":"KONTAKT \/ IMPRESSUM"},"content":{"rendered":"<p>Verein zur F\u00f6rderung der darstellenden Kunst unter freiem Himmel<\/p>\n<p>K\u00fcnstlerische Leitung:&nbsp; Adi Hirschal<\/p>\n<p>Kaufm\u00e4nnische Leitung:&nbsp; Heinz G\u00f6bel<\/p>\n<p>Schriftf\u00fchrung:&nbsp; Mag. Elisabeth Miksch<\/p>\n<p>&nbsp;<\/p>\n<p>Kontakt:<\/p>\n<p>Postadresse:<\/p>\n<p>Grinzinger Stra\u00dfe 145\/2\/36<\/p>\n<p>1190 Wien<\/p>\n<p>UID-Nummer ATU67135227<\/p>\n<p>Allgemeine Anfragen bitte an:<\/p>\n<p>heinz.goebel77@gmail.com<\/p>\n<p>&nbsp;<\/p>\n<p>Heinz G\u00f6bel<\/p>\n<p>Produktionsleitung<\/p>\n<p>heinz.goebel77@gmail.com<\/p>\n<p>&nbsp;<\/p>\n<p>Natascha Ties&nbsp;<\/p>\n<p>Produktionsb\u00fcro<\/p>\n<p>&nbsp;<\/p>\n<h3>Related Images:<\/h3>","protected":false},"excerpt":{"rendered":"<p>Verein zur F\u00f6rderung der darstellenden Kunst unter freiem Himmel K\u00fcnstlerische Leitung:&nbsp; Adi Hirschal Kaufm\u00e4nnische Leitung:&nbsp; Heinz G\u00f6bel Schriftf\u00fchrung:&nbsp; Mag. Elisabeth Miksch &nbsp; Kontakt: Postadresse: Grinzinger Stra\u00dfe 145\/2\/36 1190 Wien UID-Nummer ATU67135227 Allgemeine Anfragen bitte an: heinz.goebel77@gmail.com &nbsp; Heinz G\u00f6bel Produktionsleitung heinz.goebel77@gmail.com &nbsp; Natascha Ties&nbsp; Produktionsb\u00fcro &nbsp; Related Images:<\/p>\n","protected":false},"author":1,"featured_media":0,"parent":0,"menu_order":10,"comment_status":"open","ping_status":"open","template":"","meta":{"ngg_post_thumbnail":0,"footnotes":""},"class_list":["post-80","page","type-page","status-publish","hentry"],"_links":{"self":[{"href":"https:\/\/kultursommerlaxenburg.at\/index.php?rest_route=\/wp\/v2\/pages\/80","targetHints":{"allow":["GET"]}}],"collection":[{"href":"https:\/\/kultursommerlaxenburg.at\/index.php?rest_route=\/wp\/v2\/pages"}],"about":[{"href":"https:\/\/kultursommerlaxenburg.at\/index.php?rest_route=\/wp\/v2\/types\/page"}],"author":[{"embeddable":true,"href":"https:\/\/kultursommerlaxenburg.at\/index.php?rest_route=\/wp\/v2\/users\/1"}],"replies":[{"embeddable":true,"href":"https:\/\/kultursommerlaxenburg.at\/index.php?rest_route=%2Fwp%2Fv2%2Fcomments&post=80"}],"version-history":[{"count":29,"href":"https:\/\/kultursommerlaxenburg.at\/index.php?rest_route=\/wp\/v2\/pages\/80\/revisions"}],"predecessor-version":[{"id":5610,"href":"https:\/\/kultursommerlaxenburg.at\/index.php?rest_route=\/wp\/v2\/pages\/80\/revisions\/5610"}],"wp:attachment":[{"href":"https:\/\/kultursommerlaxenburg.at\/index.php?rest_route=%2Fwp%2Fv2%2Fmedia&parent=80"}],"curies":[{"name":"wp","href":"https:\/\/api.w.org\/{rel}","templated":true}]}}